{"id":27,"date":"2021-10-26T20:29:01","date_gmt":"2021-10-26T23:29:01","guid":{"rendered":"https:\/\/coferracojb.com.br\/?page_id=27"},"modified":"2021-11-13T14:54:32","modified_gmt":"2021-11-13T17:54:32","slug":"blog","status":"publish","type":"page","link":"https:\/\/coferracojb.com.br\/index.php\/blog\/","title":{"rendered":"Blog"},"content":{"rendered":"\t<section class=\"section\" id=\"section_467773176\">\n\t\t<div class=\"bg section-bg fill bg-fill  bg-loaded\" >\n\n\t\t\t\n\t\t\t\n\t\t\t\n\n\t\t<\/div>\n\n\t\t<div class=\"section-content relative\">\n\t\t\t\n\n  <div class=\"banner has-hover\" id=\"banner-646404989\">\n          <div class=\"banner-inner fill\">\n        <div class=\"banner-bg fill\" >\n            <div class=\"bg fill bg-fill \"><\/div>\n                        <div class=\"overlay\"><\/div>            \n                    <\/div>\n        <div class=\"banner-layers container\">\n            <div class=\"fill banner-link\"><\/div>            \n   <div id=\"text-box-987007223\" class=\"text-box banner-layer x50 md-x50 lg-x50 y50 md-y50 lg-y50 res-text\">\n                                <div class=\"text-box-content text dark\">\n              \n              <div class=\"text-inner text-center\">\n                  \n<h3 class=\"uppercase\"><span style=\"font-family: felipe;\"><strong>ARTIGOS &amp; NOT\u00cdCIAS<\/strong><\/span><\/h3>\n              <\/div>\n           <\/div>\n                            \n<style>\n#text-box-987007223 {\n  width: 60%;\n}\n#text-box-987007223 .text-box-content {\n  font-size: 100%;\n}\n<\/style>\n    <\/div>\n \n        <\/div>\n      <\/div>\n\n            \n<style>\n#banner-646404989 {\n  padding-top: 190px;\n}\n#banner-646404989 .bg.bg-loaded {\n  background-image: url(https:\/\/coferracojb.com.br\/wp-content\/uploads\/2021\/11\/Untitled-design-3-840x500-1.png);\n}\n#banner-646404989 .overlay {\n  background-color: rgba(180, 48, 29, 0.727);\n}\n#banner-646404989 .bg {\n  background-position: 34% 52%;\n}\n<\/style>\n  <\/div>\n\n\n\t\t<\/div>\n\n\t\t\n<style>\n#section_467773176 {\n  padding-top: 30px;\n  padding-bottom: 30px;\n}\n<\/style>\n\t<\/section>\n\t\n\n  \n    <div class=\"row large-columns-4 medium-columns-3 small-columns-1 slider row-slider slider-nav-reveal slider-nav-push\"  data-flickity-options='{\"imagesLoaded\": true, \"groupCells\": \"100%\", \"dragThreshold\" : 5, \"cellAlign\": \"left\",\"wrapAround\": true,\"prevNextButtons\": true,\"percentPosition\": true,\"pageDots\": false, \"rightToLeft\": false, \"autoPlay\" : false}'>\n\n  \t\t<div class=\"col post-item\" >\n\t\t\t<div class=\"col-inner\">\n\t\t\t<a href=\"https:\/\/coferracojb.com.br\/index.php\/2021\/11\/07\/aco-brasil-confirma-forte-crescimento-do-consumo-de-aco-em-2021\/\" class=\"plain\">\n\t\t\t\t<div class=\"box box-bounce box-text-bottom box-blog-post has-hover\">\n            \t\t\t\t\t<div class=\"box-image\" >\n  \t\t\t\t\t\t<div class=\"image-cover\" style=\"padding-top:75%;\">\n  \t\t\t\t\t\t\t<img loading=\"lazy\" decoding=\"async\" width=\"300\" height=\"200\" src=\"https:\/\/coferracojb.com.br\/wp-content\/uploads\/2021\/11\/sliter-300x200.jpg\" class=\"attachment-medium size-medium wp-post-image\" alt=\"\" srcset=\"https:\/\/coferracojb.com.br\/wp-content\/uploads\/2021\/11\/sliter-300x200.jpg 300w, https:\/\/coferracojb.com.br\/wp-content\/uploads\/2021\/11\/sliter-1024x682.jpg 1024w, https:\/\/coferracojb.com.br\/wp-content\/uploads\/2021\/11\/sliter-768x512.jpg 768w, https:\/\/coferracojb.com.br\/wp-content\/uploads\/2021\/11\/sliter-600x400.jpg 600w, https:\/\/coferracojb.com.br\/wp-content\/uploads\/2021\/11\/sliter.jpg 1226w\" sizes=\"(max-width: 300px) 100vw, 300px\" \/>  \t\t\t\t\t\t\t  \t\t\t\t\t\t\t  \t\t\t\t\t\t<\/div>\n  \t\t\t\t\t\t  \t\t\t\t\t<\/div>\n          \t\t\t\t\t<div class=\"box-text text-center\" >\n\t\t\t\t\t<div class=\"box-text-inner blog-post-inner\">\n\n\t\t\t\t\t\n\t\t\t\t\t\t\t\t\t\t<h5 class=\"post-title is-large \">A\u00e7o Brasil confirma forte crescimento do consumo de a\u00e7o em 2021<\/h5>\n\t\t\t\t\t\t\t\t\t\t<div class=\"is-divider\"><\/div>\n\t\t\t\t\t\t\t\t\t\t<p class=\"from_the_blog_excerpt \">02\/12\/2021\u00a0|\u00a0Assessoria de Imprensa A\u00e7o Brasil A\u00e7o Brasil confirma forte crescimento do consumo de a\u00e7o em [...]\t\t\t\t\t<\/p>\n\t\t\t\t\t                    \n\t\t\t\t\t\n\t\t\t\t\t\n\t\t\t\t\t<\/div>\n\t\t\t\t\t<\/div>\n\t\t\t\t\t\t\t\t\t\t\t\t\t\t\t\t<div class=\"badge absolute top post-date badge-square\">\n\t\t\t\t\t\t\t<div class=\"badge-inner\">\n\t\t\t\t\t\t\t\t<span class=\"post-date-day\">07<\/span><br>\n\t\t\t\t\t\t\t\t<span class=\"post-date-month is-xsmall\">nov<\/span>\n\t\t\t\t\t\t\t<\/div>\n\t\t\t\t\t\t<\/div>\n\t\t\t\t\t\t\t\t\t<\/div>\n\t\t\t\t<\/a>\n\t\t\t<\/div>\n\t\t<\/div>\n<\/div>\n","protected":false},"excerpt":{"rendered":"","protected":false},"author":1,"featured_media":0,"parent":0,"menu_order":0,"comment_status":"closed","ping_status":"closed","template":"page-blank.php","meta":{"footnotes":""},"_links":{"self":[{"href":"https:\/\/coferracojb.com.br\/index.php\/wp-json\/wp\/v2\/pages\/27"}],"collection":[{"href":"https:\/\/coferracojb.com.br\/index.php\/wp-json\/wp\/v2\/pages"}],"about":[{"href":"https:\/\/coferracojb.com.br\/index.php\/wp-json\/wp\/v2\/types\/page"}],"author":[{"embeddable":true,"href":"https:\/\/coferracojb.com.br\/index.php\/wp-json\/wp\/v2\/users\/1"}],"replies":[{"embeddable":true,"href":"https:\/\/coferracojb.com.br\/index.php\/wp-json\/wp\/v2\/comments?post=27"}],"version-history":[{"count":7,"href":"https:\/\/coferracojb.com.br\/index.php\/wp-json\/wp\/v2\/pages\/27\/revisions"}],"predecessor-version":[{"id":224,"href":"https:\/\/coferracojb.com.br\/index.php\/wp-json\/wp\/v2\/pages\/27\/revisions\/224"}],"wp:attachment":[{"href":"https:\/\/coferracojb.com.br\/index.php\/wp-json\/wp\/v2\/media?parent=27"}],"curies":[{"name":"wp","href":"https:\/\/api.w.org\/{rel}","templated":true}]}}