{"id":21,"date":"2021-10-26T20:28:07","date_gmt":"2021-10-26T23:28:07","guid":{"rendered":"https:\/\/coferracojb.com.br\/?page_id=21"},"modified":"2021-11-13T14:53:45","modified_gmt":"2021-11-13T17:53:45","slug":"quem-somos","status":"publish","type":"page","link":"https:\/\/coferracojb.com.br\/index.php\/quem-somos\/","title":{"rendered":"Quem Somos"},"content":{"rendered":"\t<section class=\"section\" id=\"section_1898212633\">\n\t\t<div class=\"bg section-bg fill bg-fill  bg-loaded\" >\n\n\t\t\t\n\t\t\t\n\t\t\t\n\n\t\t<\/div>\n\n\t\t<div class=\"section-content relative\">\n\t\t\t\n\n  <div class=\"banner has-hover\" id=\"banner-247285364\">\n          <div class=\"banner-inner fill\">\n        <div class=\"banner-bg fill\" >\n            <div class=\"bg fill bg-fill \"><\/div>\n                        <div class=\"overlay\"><\/div>            \n                    <\/div>\n        <div class=\"banner-layers container\">\n            <div class=\"fill banner-link\"><\/div>            \n   <div id=\"text-box-1111076626\" class=\"text-box banner-layer x50 md-x50 lg-x50 y50 md-y50 lg-y50 res-text\">\n                                <div class=\"text-box-content text dark\">\n              \n              <div class=\"text-inner text-center\">\n                  \n<h3 class=\"uppercase\"><span style=\"color: #ffffff; font-family: felipe;\"><strong>QUEM SOMOS<\/strong><\/span><\/h3>\n              <\/div>\n           <\/div>\n                            \n<style>\n#text-box-1111076626 {\n  width: 60%;\n}\n#text-box-1111076626 .text-box-content {\n  font-size: 100%;\n}\n<\/style>\n    <\/div>\n \n        <\/div>\n      <\/div>\n\n            \n<style>\n#banner-247285364 {\n  padding-top: 190px;\n}\n#banner-247285364 .bg.bg-loaded {\n  background-image: url(https:\/\/coferracojb.com.br\/wp-content\/uploads\/2021\/11\/WhatsApp-Image-2021-09-20-at-13.11.45-1024x574.jpeg);\n}\n#banner-247285364 .overlay {\n  background-color: rgba(180, 48, 29, 0.727);\n}\n#banner-247285364 .bg {\n  background-position: 28% 25%;\n}\n<\/style>\n  <\/div>\n\n\n\t\t<\/div>\n\n\t\t\n<style>\n#section_1898212633 {\n  padding-top: 30px;\n  padding-bottom: 30px;\n}\n<\/style>\n\t<\/section>\n\t\n\t<section class=\"section\" id=\"section_960237870\">\n\t\t<div class=\"bg section-bg fill bg-fill  bg-loaded\" >\n\n\t\t\t\n\t\t\t\n\t\t\t\n\n\t\t<\/div>\n\n\t\t<div class=\"section-content relative\">\n\t\t\t\n<div class=\"row\"  id=\"row-124660884\">\n\n\t<div id=\"col-1657653264\" class=\"col medium-6 small-12 large-6\"  >\n\t\t\t\t<div class=\"col-inner\"  >\n\t\t\t\n\t\t\t\n<p style=\"text-align: justify;\"><span style=\"color: #333333;\">Fundada em 1999 com o prop\u00f3sito de atender as necessidades do segmento do a\u00e7o a Coferra\u00e7o entra timidamente no mercado. No in\u00edcio, era apenas um com\u00e9rcio de pequenas quantidades, mas com o tempo, empenho e dedica\u00e7\u00e3o dos colaboradores, evoluiu at\u00e9 os dias atuais, tendo como conseq\u00fc\u00eancia a produ\u00e7\u00e3o de boa parte dos perfis comercializados na cidade e regi\u00e3o, al\u00e9m da capacidade de corte de material na medida desejada.<\/span><\/p>\n\t\t<\/div>\n\t\t\t\t\t<\/div>\n\n\t\n\n\t<div id=\"col-646052342\" class=\"col medium-6 small-12 large-6\"  >\n\t\t\t\t<div class=\"col-inner\"  >\n\t\t\t\n\t\t\t\n<p style=\"text-align: justify;\"><span style=\"color: #333333;\">A entrega que era restrita somente para a cidade expandiu-se. Hoje atendemos toda a regi\u00e3o com uma gama enorme de itens com um vasto estoque. Em casos excepcionais como a falta de um item especial ou fora do padr\u00e3o, n\u00f3s o procuramos incessantemente para servirmos nosso cliente.<\/span><\/p>\n<p style=\"text-align: justify;\"><span style=\"color: #333333;\">Devido a todos esses m\u00e9ritos a Coferra\u00e7o \u00e9 uma empresa que se destaca por seu perfil de competitividade e seriedade, reconhecido por empresas e profissionais do ramo<\/span><\/p>\n\t\t<\/div>\n\t\t\t\t\t<\/div>\n\n\t\n<\/div>\n<div class=\"row\"  id=\"row-1322951251\">\n\n\t<div id=\"col-746808691\" class=\"col medium-4 small-12 large-4\"  >\n\t\t\t\t<div class=\"col-inner\"  >\n\t\t\t\n\t\t\t\n\t<div class=\"img has-hover x md-x lg-x y md-y lg-y\" id=\"image_1719426360\">\n\t\t\t\t\t\t\t\t<div class=\"img-inner box-shadow-3 dark\" >\n\t\t\t<img loading=\"lazy\" decoding=\"async\" width=\"1020\" height=\"574\" src=\"https:\/\/coferracojb.com.br\/wp-content\/uploads\/2021\/10\/WhatsApp-Image-2021-09-20-at-13.11.42-1024x576.jpeg\" class=\"attachment-large size-large\" alt=\"\" srcset=\"https:\/\/coferracojb.com.br\/wp-content\/uploads\/2021\/10\/WhatsApp-Image-2021-09-20-at-13.11.42-1024x576.jpeg 1024w, https:\/\/coferracojb.com.br\/wp-content\/uploads\/2021\/10\/WhatsApp-Image-2021-09-20-at-13.11.42-600x338.jpeg 600w, https:\/\/coferracojb.com.br\/wp-content\/uploads\/2021\/10\/WhatsApp-Image-2021-09-20-at-13.11.42-300x169.jpeg 300w, https:\/\/coferracojb.com.br\/wp-content\/uploads\/2021\/10\/WhatsApp-Image-2021-09-20-at-13.11.42-768x432.jpeg 768w, https:\/\/coferracojb.com.br\/wp-content\/uploads\/2021\/10\/WhatsApp-Image-2021-09-20-at-13.11.42.jpeg 1280w\" sizes=\"(max-width: 1020px) 100vw, 1020px\" \/>\t\t\t\t\t\t\n\t\t\t\t\t<\/div>\n\t\t\t\t\t\t\t\t\n<style>\n#image_1719426360 {\n  width: 100%;\n}\n<\/style>\n\t<\/div>\n\t\n\t\t<\/div>\n\t\t\t\t\t<\/div>\n\n\t\n\n\t<div id=\"col-1417662623\" class=\"col medium-4 small-12 large-4\"  >\n\t\t\t\t<div class=\"col-inner\"  >\n\t\t\t\n\t\t\t\n\t<div class=\"img has-hover x md-x lg-x y md-y lg-y\" id=\"image_506362135\">\n\t\t\t\t\t\t\t\t<div class=\"img-inner box-shadow-3 dark\" >\n\t\t\t<img loading=\"lazy\" decoding=\"async\" width=\"1020\" height=\"571\" src=\"https:\/\/coferracojb.com.br\/wp-content\/uploads\/2021\/10\/WhatsApp-Image-2021-09-20-at-13.11.47-1-1024x573.jpeg\" class=\"attachment-large size-large\" alt=\"\" srcset=\"https:\/\/coferracojb.com.br\/wp-content\/uploads\/2021\/10\/WhatsApp-Image-2021-09-20-at-13.11.47-1-1024x573.jpeg 1024w, https:\/\/coferracojb.com.br\/wp-content\/uploads\/2021\/10\/WhatsApp-Image-2021-09-20-at-13.11.47-1-600x336.jpeg 600w, https:\/\/coferracojb.com.br\/wp-content\/uploads\/2021\/10\/WhatsApp-Image-2021-09-20-at-13.11.47-1-300x168.jpeg 300w, https:\/\/coferracojb.com.br\/wp-content\/uploads\/2021\/10\/WhatsApp-Image-2021-09-20-at-13.11.47-1-768x430.jpeg 768w, https:\/\/coferracojb.com.br\/wp-content\/uploads\/2021\/10\/WhatsApp-Image-2021-09-20-at-13.11.47-1.jpeg 1280w\" sizes=\"(max-width: 1020px) 100vw, 1020px\" \/>\t\t\t\t\t\t\n\t\t\t\t\t<\/div>\n\t\t\t\t\t\t\t\t\n<style>\n#image_506362135 {\n  width: 100%;\n}\n<\/style>\n\t<\/div>\n\t\n\t\t<\/div>\n\t\t\t\t\t<\/div>\n\n\t\n\n\t<div id=\"col-1139814912\" class=\"col medium-4 small-12 large-4\"  >\n\t\t\t\t<div class=\"col-inner\"  >\n\t\t\t\n\t\t\t\n\t<div class=\"img has-hover x md-x lg-x y md-y lg-y\" id=\"image_1005514095\">\n\t\t\t\t\t\t\t\t<div class=\"img-inner box-shadow-3 dark\" >\n\t\t\t<img loading=\"lazy\" decoding=\"async\" width=\"1020\" height=\"572\" src=\"https:\/\/coferracojb.com.br\/wp-content\/uploads\/2021\/10\/WhatsApp-Image-2021-09-20-at-13.12.23-1024x574.jpeg\" class=\"attachment-large size-large\" alt=\"\" srcset=\"https:\/\/coferracojb.com.br\/wp-content\/uploads\/2021\/10\/WhatsApp-Image-2021-09-20-at-13.12.23-1024x574.jpeg 1024w, https:\/\/coferracojb.com.br\/wp-content\/uploads\/2021\/10\/WhatsApp-Image-2021-09-20-at-13.12.23-600x336.jpeg 600w, https:\/\/coferracojb.com.br\/wp-content\/uploads\/2021\/10\/WhatsApp-Image-2021-09-20-at-13.12.23-300x168.jpeg 300w, https:\/\/coferracojb.com.br\/wp-content\/uploads\/2021\/10\/WhatsApp-Image-2021-09-20-at-13.12.23-768x430.jpeg 768w, https:\/\/coferracojb.com.br\/wp-content\/uploads\/2021\/10\/WhatsApp-Image-2021-09-20-at-13.12.23.jpeg 1280w\" sizes=\"(max-width: 1020px) 100vw, 1020px\" \/>\t\t\t\t\t\t\n\t\t\t\t\t<\/div>\n\t\t\t\t\t\t\t\t\n<style>\n#image_1005514095 {\n  width: 100%;\n}\n<\/style>\n\t<\/div>\n\t\n\t\t<\/div>\n\t\t\t\t\t<\/div>\n\n\t\n<\/div>\n\t\t<\/div>\n\n\t\t\n<style>\n#section_960237870 {\n  padding-top: 30px;\n  padding-bottom: 30px;\n}\n<\/style>\n\t<\/section>\n\t\n","protected":false},"excerpt":{"rendered":"","protected":false},"author":1,"featured_media":0,"parent":0,"menu_order":0,"comment_status":"closed","ping_status":"closed","template":"page-blank.php","meta":{"footnotes":""},"_links":{"self":[{"href":"https:\/\/coferracojb.com.br\/index.php\/wp-json\/wp\/v2\/pages\/21"}],"collection":[{"href":"https:\/\/coferracojb.com.br\/index.php\/wp-json\/wp\/v2\/pages"}],"about":[{"href":"https:\/\/coferracojb.com.br\/index.php\/wp-json\/wp\/v2\/types\/page"}],"author":[{"embeddable":true,"href":"https:\/\/coferracojb.com.br\/index.php\/wp-json\/wp\/v2\/users\/1"}],"replies":[{"embeddable":true,"href":"https:\/\/coferracojb.com.br\/index.php\/wp-json\/wp\/v2\/comments?post=21"}],"version-history":[{"count":13,"href":"https:\/\/coferracojb.com.br\/index.php\/wp-json\/wp\/v2\/pages\/21\/revisions"}],"predecessor-version":[{"id":221,"href":"https:\/\/coferracojb.com.br\/index.php\/wp-json\/wp\/v2\/pages\/21\/revisions\/221"}],"wp:attachment":[{"href":"https:\/\/coferracojb.com.br\/index.php\/wp-json\/wp\/v2\/media?parent=21"}],"curies":[{"name":"wp","href":"https:\/\/api.w.org\/{rel}","templated":true}]}}